{"id":1068,"date":"2021-04-26T19:01:08","date_gmt":"2021-04-26T19:01:08","guid":{"rendered":"http:\/\/desarrollo.cartagenaspain.com\/?page_id=1068"},"modified":"2024-07-18T11:01:31","modified_gmt":"2024-07-18T11:01:31","slug":"aviso-legal","status":"publish","type":"page","link":"https:\/\/trian.es\/en\/aviso-legal\/","title":{"rendered":"Aviso Legal"},"content":{"rendered":"\n<h3 class=\"wp-block-heading\"><strong>ASPECTOS GENERALES<\/strong><\/h3>\n\n\n\n<p>Lea atentamente el siguiente aviso legal relativo al sitio web de&nbsp;<strong>Sinergia Propuesta S.L<\/strong>&nbsp;si tiene cualquier cuesti\u00f3n relativa al mismo no dude en contactar con nosotros a trav\u00e9s de nuestro buz\u00f3n electr\u00f3nico&nbsp;<a href=\"mailto:info@cartagenaspain.com\">info@cartagenaspain.com<\/a><\/p>\n\n\n\n<h4 class=\"wp-block-heading\"><strong>1.1. Datos identificativos del Prestador de Servicios de la Sociedad de la Informaci\u00f3n<\/strong><\/h4>\n\n\n\n<p>De conformidad con el art\u00edculo 10 de la Ley 34\/2002, de Servicios de la Sociedad de la Informaci\u00f3n y Comercio Electr\u00f3nico, se pone en su conocimiento que Sinergia Propuesta S.L, con CIF B30878755, gestiona los contenidos del sitio Web <a href=\"http:\/\/www.cartagenaspain.com\" data-type=\"URL\" data-id=\"www.cartagenaspain.com\">www.cartagenaspain.com<\/a> con domicilio social a estos efectos en Calle Real 44, 30201 Cartagena, Murcia, Espa\u00f1a.<\/p>\n\n\n\n<p>En caso de querer ponerse en contacto con nosotros, puede dirigirse al domicilio arriba indicado, as\u00ed como al Tel\u00e9fono: (+34) 968 78 74 78 , y Correo de: <a href=\"mailto:info@cartagenaspain.com\" target=\"_blank\" rel=\"noopener\">info@cartagenaspain.com<\/a><\/p>\n\n\n\n<h4 class=\"wp-block-heading\"><strong>1.2. Aceptaci\u00f3n y vigencia de las condiciones generales y particulares<\/strong><\/h4>\n\n\n\n<p>Tanto la navegaci\u00f3n como la utilizaci\u00f3n y\/o pedido de cualesquiera de los productos o servicios ofrecidos en esta p\u00e1gina Web le atribuye a Ud. la condici\u00f3n de Usuario y supone su aceptaci\u00f3n plena y sin reservas de todas y cada una de las Condiciones Generales y, en su caso, Particulares vigentes en el momento en que Ud. como Usuario acceda a la p\u00e1gina Web.<\/p>\n\n\n\n<p><strong><strong>Sinergia Propuesta S.L<\/strong><\/strong>&nbsp;se reserva el derecho a ampliar y modificar unilateralmente, en cualquier momento y sin previo aviso, la presentaci\u00f3n, configuraci\u00f3n y contenidos de la p\u00e1gina Web, as\u00ed como suspender temporalmente la presentaci\u00f3n, configuraci\u00f3n, especificaciones t\u00e9cnicas y servicios del sitio web, de la misma forma.<\/p>\n\n\n\n<h3 class=\"wp-block-heading\"><strong>2. CONDICIONES GENERALES DE USO DEL SITIO WEB<\/strong><\/h3>\n\n\n\n<h4 class=\"wp-block-heading\"><strong>Obligaciones de uso<\/strong><\/h4>\n\n\n\n<p>Con car\u00e1cter general, el Usuario se obliga al cumplimiento de las presentes condiciones y t\u00e9rminos de uso, y obrar siempre conforme a la ley, a las buenas costumbres y a las exigencias de la buena fe, empleando la diligencia adecuada a la naturaleza del servicio del que disfruta, y absteni\u00e9ndose de utilizar el presente sitio web de cualquier forma que pueda impedir, da\u00f1ar o deteriorar el normal funcionamiento del mismo, los bienes o derechos del titular (<strong><strong>Sinergia Propuesta S.L<\/strong><\/strong>), del resto de Usuarios o, en general, de cualquier tercero.<\/p>\n\n\n\n<p>En particular, y sin que ello implique restricci\u00f3n alguna a la obligaci\u00f3n asumida por el Usuario con car\u00e1cter general de conformidad con el apartado anterior, el Usuario se obliga, en la utilizaci\u00f3n del presente sitio web a:<\/p>\n\n\n\n<ul class=\"wp-block-list\"><li>En caso de que se le facilite, el Usuario debe custodiar adecuadamente el \u201cNombre de Usuario\u201d y la \u201cContrase\u00f1a\u201d que le sea facilitada por\u00a0<strong><strong>Sinergia Propuesta S.L<\/strong><\/strong>, como elementos identificadores y habilitadores para el acceso a los distintos servicios ofrecidos en el sitio web, comprometi\u00e9ndose a no ceder su uso ni a permitir el acceso a ellos de terceros, asumiendo la responsabilidad por los da\u00f1os y perjuicios que pudieran derivarse de un uso indebido de los mismos.<\/li><li>No introducir, almacenar o difundir en o desde el sitio web, cualquier informaci\u00f3n o material que fuera difamatorio, injurioso, obsceno, amenazador, xen\u00f3fobo, incite a la violencia a la discriminaci\u00f3n por raz\u00f3n de raza, sexo, ideolog\u00eda, religi\u00f3n o que de cualquier forma atente contra la moral, el orden p\u00fablico, los derechos fundamentales, las libertas p\u00fablicas, el honor, la intimidad o la imagen de terceros y, en general, que vulnere la normativa vigente espa\u00f1ola y de su pa\u00eds de residencia.<\/li><li>No introducir, almacenar o difundir mediante el sitio web ning\u00fan programa de ordenador, datos, virus, c\u00f3digo, o cualquier otro fichero que sea susceptible de causar da\u00f1os o cualquier tipo de alteraci\u00f3n en el sitio web, en cualquiera de los servicios, o en cualquiera de los equipos, sistemas o redes de\u00a0<strong><strong>Sinergia Propuesta S.L<\/strong><\/strong>\u00a0de cualquier Usuario, o en general de cualquier tercero, que pueda impedir el normal funcionamiento de estos.<\/li><li>No destruir, alterar, utilizar para su uso, inutilizar o da\u00f1ar los datos, informaciones, programas, documentos electr\u00f3nicos, o, en general, los ficheros, de\u00a0<strong><strong>Sinergia Propuesta S.L<\/strong><\/strong>\u00a0de los Usuarios o de terceros.<\/li><\/ul>\n\n\n\n<p><strong><strong>Sinergia Propuesta S.L<\/strong><\/strong>\u00a0podr\u00e1, en todo momento y sin previo aviso, modificar las presentes Condiciones Generales, as\u00ed como las Condiciones Particulares que, en su caso, se incluyan, mediante la publicaci\u00f3n de dichas modificaciones en el sitio web con el fin de que puedan ser conocidas por los Usuarios.<\/p>\n\n\n\n<h4 class=\"wp-block-heading\"><strong>Exoneraci\u00f3n de responsabilidad<\/strong><\/h4>\n\n\n\n<p><strong><strong>Sinergia Propuesta S.L<\/strong><\/strong>&nbsp;no ser\u00e1 responsable:<\/p>\n\n\n\n<ul class=\"wp-block-list\"><li>Con car\u00e1cter general, respecto del uso inadecuado de su sitio web. Los usuarios deber\u00e1n realizar un uso adecuado del mismo, de acuerdo con las condiciones y t\u00e9rminos anteriores, sin que ninguna responsabilidad pueda tener el titular por la utilizaci\u00f3n indebida.<\/li><li>Respecto de posibles deficiencias t\u00e9cnicas.&nbsp;<strong><strong>Sinergia Propuesta S.L<\/strong><\/strong>&nbsp;no ser\u00e1 responsable en ning\u00fan caso de las alteraciones en el servicio que se produzcan por fallos en la red el\u00e9ctrica, en la red de conexi\u00f3n de datos, en el servidor o en cualesquiera prestaciones.<\/li><li>Respecto al acceso por terceros a su sistema.&nbsp;<strong><strong>Sinergia Propuesta S.L<\/strong><\/strong>&nbsp;adoptar\u00e1 las cautelas t\u00e9cnicas necesarias a fin de proteger los datos e informaci\u00f3n a la que se accede, pero sin que sea responsable de actuaciones de terceros que, vulnerando las medidas de seguridad establecidas, accedan a los citados datos.<\/li><li><strong><strong>Sinergia Propuesta S.L<\/strong><\/strong>&nbsp;invierte constantemente en medios tecnol\u00f3gicos que intentan minimizar el riesgo de virus y software similar, y contenidos no autorizados en sus sistemas de informaci\u00f3n. A pesar de ello, el Usuario es consciente de que debe adoptar sus propias medidas orientadas a minimizar los da\u00f1os ocasionados por software no autorizado, virus, troyanos y cualquier clase del software denominado&nbsp;<em>malware<\/em>, eximiendo a&nbsp;<strong><strong>Sinergia Propuesta S.L<\/strong><\/strong>&nbsp;de toda responsabilidad que pudiese derivarse de la contenci\u00f3n de malware en los tratamientos habilitados en la presente web.<\/li><li><strong>Utilizaci\u00f3n de hiperenlaces<\/strong><\/li><\/ul>\n\n\n\n<p>El usuario de Internet que quiera introducir enlaces desde sus propias Webs a la P\u00e1gina Web deber\u00e1 cumplir con las condiciones que se detallan a continuaci\u00f3n sin que el desconocimiento de las mismas evite las responsabilidades derivadas de la Ley.<\/p>\n\n\n\n<p>El enlace \u00fanicamente vincular\u00e1 con la&nbsp;<em>home page<\/em>&nbsp;o p\u00e1gina principal de la p\u00e1gina Web pero no podr\u00e1 reproducirla de ninguna forma (<em>inline links<\/em>, copia de los textos, gr\u00e1ficos, etc.). Quedar\u00e1 en todo caso prohibido, de acuerdo con la legislaci\u00f3n aplicable y vigente en cada momento, establecer&nbsp;<em>frames<\/em>&nbsp;o marcos de cualquier tipo que envuelvan a la p\u00e1gina web o permitan la visualizaci\u00f3n de los contenidos a trav\u00e9s de direcciones de Internet distintas a las de la p\u00e1gina web y, en cualquier caso, cuando se visualicen conjuntamente con contenidos ajenos a la p\u00e1gina web de forma que: (I) produzca, o pueda producir, error, confusi\u00f3n o enga\u00f1o en los usuarios sobre la verdadera procedencia del servicio o Contenidos; (II) suponga un acto de comparaci\u00f3n o imitaci\u00f3n desleal; (III) sirva para aprovechar la reputaci\u00f3n de la marca y prestigio de&nbsp;<strong><strong>Sinergia Propuesta S.L<\/strong><\/strong>; o (IV) de cualquier otra forma resulte prohibido por la legislaci\u00f3n vigente.<\/p>\n\n\n\n<p>No se realizar\u00e1n desde la p\u00e1gina que introduce el enlace ning\u00fan tipo de manifestaci\u00f3n falsa, inexacta o incorrecta sobre&nbsp;<strong><strong>Sinergia Propuesta S.L<\/strong><\/strong>&nbsp;su direcci\u00f3n, empleados, clientes o sobre la calidad de los servicios que presta.<\/p>\n\n\n\n<p>En ning\u00fan caso, se expresar\u00e1 en la p\u00e1gina donde se ubique el enlace que&nbsp;<strong><strong>Sinergia Propuesta S.L<\/strong><\/strong>&nbsp;ha prestado su consentimiento para la inserci\u00f3n del enlace o que de otra forma patrocina, colabora, verifica o supervisa los servicios del remitente.<\/p>\n\n\n\n<p>Est\u00e1 prohibida la utilizaci\u00f3n de cualquier marca denominativa, gr\u00e1fica o mixta o cualquier otro signo distintivo de&nbsp;<strong><strong>Sinergia Propuesta S.L<\/strong><\/strong>&nbsp;dentro de la p\u00e1gina del remitente salvo en los casos permitidos por la ley o expresamente autorizados por <strong>Sinergia Propuesta S.L<\/strong>&nbsp;y siempre que se permita, en estos casos, un enlace directo con la p\u00e1gina Web en la forma establecida en esta cl\u00e1usula.<\/p>\n\n\n\n<p>La p\u00e1gina que establezca el enlace deber\u00e1 cumplir fielmente con la ley y no podr\u00e1 en ning\u00fan caso disponer o enlazar con contenidos propios o de terceros que: (I) sean il\u00edcitos, nocivos o contrarios a la moral y a las buenas costumbres (pornogr\u00e1ficos, violentos, racistas, etc.); (II) induzcan o puedan inducir en el Usuario la falsa concepci\u00f3n de que&nbsp;<strong><strong>Sinergia Propuesta S.L<\/strong><\/strong>&nbsp;suscribe, respalda, se adhiere o de cualquier manera apoya, las ideas, manifestaciones o expresiones, l\u00edcitas o il\u00edcitas, del remitente; (III) resulten inapropiados o no pertinentes con la actividad de en atenci\u00f3n al lugar, contenidos y tem\u00e1tica de la p\u00e1gina Web del remitente. Igualmente, el Usuario se abstendr\u00e1 de incluir en la p\u00e1gina Web cualquier hiperenlace (en adelante, \u00ablink\u00bb) dirigido a una p\u00e1gina Web que contenga informaci\u00f3n o contenidos il\u00edcitos, contrarios a la moral y buenas costumbres generalmente aceptadas, y al orden p\u00fablico.<\/p>\n\n\n\n<h4 class=\"wp-block-heading\"><strong>Propiedad intelectual e industrial<\/strong><\/h4>\n\n\n\n<p>La estructura, dise\u00f1o y forma de presentaci\u00f3n de los elementos disponibles en la presente web (gr\u00e1ficos, im\u00e1genes, fotograf\u00edas, muestras y materiales que aparecen en los mismos, tecnolog\u00edas industriales, ficheros, logotipos, combinaciones de colores y cualquier elemento susceptible de protecci\u00f3n) est\u00e1n protegidos por derechos de propiedad intelectual e industrial titularidad de&nbsp;<strong><strong>Sinergia Propuesta S.L<\/strong><\/strong>&nbsp;o sobre los que se han obtenido los derechos de uso correspondientes.<\/p>\n\n\n\n<p>Est\u00e1 prohibida la reproducci\u00f3n, transformaci\u00f3n, distribuci\u00f3n, comunicaci\u00f3n p\u00fablica, puesta a disposici\u00f3n del p\u00fablico y, en general, cualquier otra forma de explotaci\u00f3n, parcial o total de los elementos referidos en el apartado anterior. Su publicaci\u00f3n en otras p\u00e1ginas web o en otros medios de comunicaci\u00f3n digitales o escritos requiere el consentimiento expreso del titular de la web, y, en todo caso, deber\u00e1n hacer referencia expl\u00edcita a la titularidad de los citados derechos de propiedad intelectual de&nbsp;<strong><strong>Sinergia Propuesta S.L<\/strong><\/strong>.<\/p>\n\n\n\n<p>No se permite la utilizaci\u00f3n de los signos distintivos (marcas, nombres comerciales), salvo autorizaci\u00f3n expresa de los leg\u00edtimos titulares.<\/p>\n\n\n\n<p>Salvo autorizaci\u00f3n expresa de&nbsp;<strong><strong>Sinergia Propuesta S.L<\/strong><\/strong>&nbsp;no se permite el enlace a \u201cp\u00e1ginas finales\u201d, el \u201cframe\u201d y cualquier otra manipulaci\u00f3n similar. Los enlaces deben ser siempre a la p\u00e1gina principal o&nbsp;<em>home page<\/em>&nbsp;del sitio web.<\/p>\n\n\n\n<h4 class=\"wp-block-heading\"><strong>Jurisdicci\u00f3n y legislaci\u00f3n aplicable<\/strong><\/h4>\n\n\n\n<p>Los t\u00e9rminos y condiciones que rigen este portal web y todas las relaciones que pudieran derivarse se encuentran salvaguardados por la legislaci\u00f3n espa\u00f1ola.<\/p>\n\n\n\n<p>Cualquier controversia que pudiera derivarse del acceso o la utilizaci\u00f3n de este portal web ser\u00e1 de competencia de los tribunales de la ciudad de Almer\u00eda, salvo que se trate de una controversia con un usuario con condici\u00f3n de consumidor, supuesto en el que se aplicar\u00e1 el fuero legalmente preceptivo.<\/p>\n\n\n\n<p><strong>Sinergia Propuesta S.L<\/strong>\u00a0\u00a9 2021 Todos los derechos reservados.<\/p>\n","protected":false},"excerpt":{"rendered":"<p>ASPECTOS GENERALES Lea atentamente el siguiente aviso legal relativo al sitio web de&nbsp;Sinergia Propuesta S.L&nbsp;si tiene cualquier cuesti\u00f3n relativa al mismo no dude en contactar con nosotros a trav\u00e9s de nuestro buz\u00f3n electr\u00f3nico&nbsp;info@cartagenaspain.com 1.1. Datos identificativos del Prestador de Servicios de la Sociedad de la Informaci\u00f3n De conformidad con el art\u00edculo 10 de la Ley&hellip;<\/p>\n","protected":false},"author":1,"featured_media":0,"parent":0,"menu_order":0,"comment_status":"closed","ping_status":"closed","template":"","meta":{"_seopress_robots_primary_cat":"","_seopress_titles_title":"","_seopress_titles_desc":"","_seopress_robots_index":"yes","footnotes":""},"class_list":["post-1068","page","type-page","status-publish","hentry","description-off"],"_links":{"self":[{"href":"https:\/\/trian.es\/en\/wp-json\/wp\/v2\/pages\/1068","targetHints":{"allow":["GET"]}}],"collection":[{"href":"https:\/\/trian.es\/en\/wp-json\/wp\/v2\/pages"}],"about":[{"href":"https:\/\/trian.es\/en\/wp-json\/wp\/v2\/types\/page"}],"author":[{"embeddable":true,"href":"https:\/\/trian.es\/en\/wp-json\/wp\/v2\/users\/1"}],"replies":[{"embeddable":true,"href":"https:\/\/trian.es\/en\/wp-json\/wp\/v2\/comments?post=1068"}],"version-history":[{"count":3,"href":"https:\/\/trian.es\/en\/wp-json\/wp\/v2\/pages\/1068\/revisions"}],"predecessor-version":[{"id":1923,"href":"https:\/\/trian.es\/en\/wp-json\/wp\/v2\/pages\/1068\/revisions\/1923"}],"wp:attachment":[{"href":"https:\/\/trian.es\/en\/wp-json\/wp\/v2\/media?parent=1068"}],"curies":[{"name":"wp","href":"https:\/\/api.w.org\/{rel}","templated":true}]}}